{"id":10593,"date":"2024-05-21T12:08:12","date_gmt":"2024-06-20T10:00:58","guid":{"rendered":"https:\/\/virtualofficerotterdam.com\/?post_type=product&#038;p=10593"},"modified":"2024-08-12T10:46:04","modified_gmt":"2024-08-12T08:46:04","slug":"virtual-office-rotterdam-holding-3-bv-109-95-per-maand-maandelijkse-afschrijving","status":"publish","type":"product","link":"https:\/\/virtualofficerotterdam.com\/de\/produkt\/virtual-office-rotterdam-holding-3-bv-109-95-per-maand-maandelijkse-afschrijving\/","title":{"rendered":"Virtuelles B\u00fcro Rotterdam Holding + 3 BV inkl. monatlicher Postbearbeitung 109.95 per maand."},"content":{"rendered":"<p>Anerkannte Registrierungsadresse der Handelskammer<\/p>\n<p>Monatliche Zusendung von Post an die angegebene Adresse.<\/p>\n<p>Verwendung der Bilder f\u00fcr Ihre eigene Website<\/p>\n<p>Sie k\u00f6nnen Ihr Abonnement zum Ende des Zeitraums k\u00fcndigen.<\/p>\n<p>&nbsp;<\/p>\n","protected":false},"excerpt":{"rendered":"<p>Anerkannte Registrierungsadresse der Handelskammer Monatliche Zusendung von Post an die angegebene Adresse. Verwendung der Bilder f\u00fcr Ihre eigene Website Sie k\u00f6nnen Ihr Abonnement zum Ende des Zeitraums k\u00fcndigen. &nbsp;<\/p>\n","protected":false},"featured_media":1150,"template":"","meta":[],"product_brand":[],"product_cat":[95,88],"product_tag":[],"class_list":{"0":"post-10593","1":"product","2":"type-product","3":"status-publish","4":"has-post-thumbnail","6":"product_cat-monatliche-abschreibung","7":"product_cat-pakete-mit-mehreren-bus","9":"first","10":"instock","11":"downloadable","12":"virtual","13":"taxable","14":"purchasable","15":"product-type-simple"},"yoast_head":"<!-- This site is optimized with the Yoast SEO plugin v27.3 - https:\/\/yoast.com\/product\/yoast-seo-wordpress\/ -->\n<title>Virtuelles B\u00fcro Rotterdam Holding + 3 BV inkl. monatlicher Postbearbeitung 109.95 per maand. - Virtual Office Rotterdam<\/title>\n<meta name=\"description\" content=\"Sie brauchen ein virtuelles B\u00fcro? - Eine anerkannte Handelskammer-Registrierungsadresse in bester Lage! - Am g\u00fcnstigsten in NL - Jetzt bestellen!\" \/>\n<meta name=\"robots\" content=\"index, follow, max-snippet:-1, max-image-preview:large, max-video-preview:-1\" \/>\n<link rel=\"canonical\" href=\"https:\/\/virtualofficerotterdam.com\/de\/produkt\/virtual-office-rotterdam-holding-3-bv-109-95-per-maand-maandelijkse-afschrijving\/\" \/>\n<meta property=\"og:locale\" content=\"de_DE\" \/>\n<meta property=\"og:type\" content=\"article\" \/>\n<meta property=\"og:title\" content=\"Virtuelles B\u00fcro Rotterdam Holding + 3 BV inkl. monatlicher Postbearbeitung 109.95 per maand. - Virtual Office Rotterdam\" \/>\n<meta property=\"og:description\" content=\"Sie brauchen ein virtuelles B\u00fcro? - Eine anerkannte Handelskammer-Registrierungsadresse in bester Lage! - Am g\u00fcnstigsten in NL - Jetzt bestellen!\" \/>\n<meta property=\"og:url\" content=\"https:\/\/virtualofficerotterdam.com\/de\/produkt\/virtual-office-rotterdam-holding-3-bv-109-95-per-maand-maandelijkse-afschrijving\/\" \/>\n<meta property=\"og:site_name\" content=\"Virtual Office Rotterdam\" \/>\n<meta property=\"article:modified_time\" content=\"2024-08-12T08:46:04+00:00\" \/>\n<meta name=\"twitter:card\" content=\"summary_large_image\" \/>\n<meta name=\"twitter:site\" content=\"@vo24NL\" \/>\n<meta name=\"twitter:label1\" content=\"Gesch\u00e4tzte Lesezeit\" \/>\n\t<meta name=\"twitter:data1\" content=\"1\u00a0Minute\" \/>\n<script type=\"application\/ld+json\" class=\"yoast-schema-graph\">{\"@context\":\"https:\\\/\\\/schema.org\",\"@graph\":[{\"@type\":\"WebPage\",\"@id\":\"https:\\\/\\\/virtualofficerotterdam.com\\\/de\\\/produkt\\\/virtual-office-rotterdam-holding-3-bv-109-95-per-maand-maandelijkse-afschrijving\\\/\",\"url\":\"https:\\\/\\\/virtualofficerotterdam.com\\\/de\\\/produkt\\\/virtual-office-rotterdam-holding-3-bv-109-95-per-maand-maandelijkse-afschrijving\\\/\",\"name\":\"Virtuelles B\u00fcro Rotterdam Holding + 3 BV inkl. monatlicher Postbearbeitung 109.95 per maand. - Virtual Office Rotterdam\",\"isPartOf\":{\"@id\":\"https:\\\/\\\/virtualofficerotterdam.com\\\/de\\\/#website\"},\"primaryImageOfPage\":{\"@id\":\"https:\\\/\\\/virtualofficerotterdam.com\\\/de\\\/produkt\\\/virtual-office-rotterdam-holding-3-bv-109-95-per-maand-maandelijkse-afschrijving\\\/#primaryimage\"},\"image\":{\"@id\":\"https:\\\/\\\/virtualofficerotterdam.com\\\/de\\\/produkt\\\/virtual-office-rotterdam-holding-3-bv-109-95-per-maand-maandelijkse-afschrijving\\\/#primaryimage\"},\"thumbnailUrl\":\"https:\\\/\\\/virtualofficerotterdam.com\\\/wp-content\\\/uploads\\\/2018\\\/10\\\/holding-3-half.png\",\"datePublished\":\"2024-06-20T10:00:58+00:00\",\"dateModified\":\"2024-08-12T08:46:04+00:00\",\"description\":\"Sie brauchen ein virtuelles B\u00fcro? - Eine anerkannte Handelskammer-Registrierungsadresse in bester Lage! - Am g\u00fcnstigsten in NL - Jetzt bestellen!\",\"breadcrumb\":{\"@id\":\"https:\\\/\\\/virtualofficerotterdam.com\\\/de\\\/produkt\\\/virtual-office-rotterdam-holding-3-bv-109-95-per-maand-maandelijkse-afschrijving\\\/#breadcrumb\"},\"inLanguage\":\"de\",\"potentialAction\":[{\"@type\":\"ReadAction\",\"target\":[\"https:\\\/\\\/virtualofficerotterdam.com\\\/de\\\/produkt\\\/virtual-office-rotterdam-holding-3-bv-109-95-per-maand-maandelijkse-afschrijving\\\/\"]}]},{\"@type\":\"ImageObject\",\"inLanguage\":\"de\",\"@id\":\"https:\\\/\\\/virtualofficerotterdam.com\\\/de\\\/produkt\\\/virtual-office-rotterdam-holding-3-bv-109-95-per-maand-maandelijkse-afschrijving\\\/#primaryimage\",\"url\":\"https:\\\/\\\/virtualofficerotterdam.com\\\/wp-content\\\/uploads\\\/2018\\\/10\\\/holding-3-half.png\",\"contentUrl\":\"https:\\\/\\\/virtualofficerotterdam.com\\\/wp-content\\\/uploads\\\/2018\\\/10\\\/holding-3-half.png\",\"width\":800,\"height\":800},{\"@type\":\"BreadcrumbList\",\"@id\":\"https:\\\/\\\/virtualofficerotterdam.com\\\/de\\\/produkt\\\/virtual-office-rotterdam-holding-3-bv-109-95-per-maand-maandelijkse-afschrijving\\\/#breadcrumb\",\"itemListElement\":[{\"@type\":\"ListItem\",\"position\":1,\"name\":\"Home\",\"item\":\"https:\\\/\\\/virtualofficerotterdam.com\\\/de\\\/\"},{\"@type\":\"ListItem\",\"position\":2,\"name\":\"Gesch\u00e4ft\",\"item\":\"https:\\\/\\\/virtualofficerotterdam.com\\\/de\\\/geschaft\\\/\"},{\"@type\":\"ListItem\",\"position\":3,\"name\":\"Virtuelles B\u00fcro Rotterdam Holding + 3 BV inkl. monatlicher Postbearbeitung 109.95 per maand.\"}]},{\"@type\":\"WebSite\",\"@id\":\"https:\\\/\\\/virtualofficerotterdam.com\\\/de\\\/#website\",\"url\":\"https:\\\/\\\/virtualofficerotterdam.com\\\/de\\\/\",\"name\":\"Virtual Office Duiven\",\"description\":\"Een erkend KvK inschrijfadres op een toplocatie in Nederland! Vanaf slechts &euro; 49,95 per maand! Veel bedrijven gingen u al voor!\",\"publisher\":{\"@id\":\"https:\\\/\\\/virtualofficerotterdam.com\\\/de\\\/#organization\"},\"potentialAction\":[{\"@type\":\"SearchAction\",\"target\":{\"@type\":\"EntryPoint\",\"urlTemplate\":\"https:\\\/\\\/virtualofficerotterdam.com\\\/de\\\/?s={search_term_string}\"},\"query-input\":{\"@type\":\"PropertyValueSpecification\",\"valueRequired\":true,\"valueName\":\"search_term_string\"}}],\"inLanguage\":\"de\"},{\"@type\":\"Organization\",\"@id\":\"https:\\\/\\\/virtualofficerotterdam.com\\\/de\\\/#organization\",\"name\":\"virtualkantoor24\",\"url\":\"https:\\\/\\\/virtualofficerotterdam.com\\\/de\\\/\",\"logo\":{\"@type\":\"ImageObject\",\"inLanguage\":\"de\",\"@id\":\"https:\\\/\\\/virtualofficerotterdam.com\\\/de\\\/#\\\/schema\\\/logo\\\/image\\\/\",\"url\":\"https:\\\/\\\/virtualofficerotterdam.com\\\/wp-content\\\/uploads\\\/2018\\\/10\\\/Logo-vk24-500.png\",\"contentUrl\":\"https:\\\/\\\/virtualofficerotterdam.com\\\/wp-content\\\/uploads\\\/2018\\\/10\\\/Logo-vk24-500.png\",\"width\":1400,\"height\":500,\"caption\":\"virtualkantoor24\"},\"image\":{\"@id\":\"https:\\\/\\\/virtualofficerotterdam.com\\\/de\\\/#\\\/schema\\\/logo\\\/image\\\/\"},\"sameAs\":[\"https:\\\/\\\/x.com\\\/vo24NL\",\"https:\\\/\\\/www.linkedin.com\\\/company\\\/10783740\"]}]}<\/script>\n<!-- \/ Yoast SEO plugin. -->","yoast_head_json":{"title":"Virtuelles B\u00fcro Rotterdam Holding + 3 BV inkl. monatlicher Postbearbeitung 109.95 per maand. - Virtual Office Rotterdam","description":"Sie brauchen ein virtuelles B\u00fcro? - Eine anerkannte Handelskammer-Registrierungsadresse in bester Lage! - Am g\u00fcnstigsten in NL - Jetzt bestellen!","robots":{"index":"index","follow":"follow","max-snippet":"max-snippet:-1","max-image-preview":"max-image-preview:large","max-video-preview":"max-video-preview:-1"},"canonical":"https:\/\/virtualofficerotterdam.com\/de\/produkt\/virtual-office-rotterdam-holding-3-bv-109-95-per-maand-maandelijkse-afschrijving\/","og_locale":"de_DE","og_type":"article","og_title":"Virtuelles B\u00fcro Rotterdam Holding + 3 BV inkl. monatlicher Postbearbeitung 109.95 per maand. - Virtual Office Rotterdam","og_description":"Sie brauchen ein virtuelles B\u00fcro? - Eine anerkannte Handelskammer-Registrierungsadresse in bester Lage! - Am g\u00fcnstigsten in NL - Jetzt bestellen!","og_url":"https:\/\/virtualofficerotterdam.com\/de\/produkt\/virtual-office-rotterdam-holding-3-bv-109-95-per-maand-maandelijkse-afschrijving\/","og_site_name":"Virtual Office Rotterdam","article_modified_time":"2024-08-12T08:46:04+00:00","twitter_card":"summary_large_image","twitter_site":"@vo24NL","twitter_misc":{"Gesch\u00e4tzte Lesezeit":"1\u00a0Minute"},"schema":{"@context":"https:\/\/schema.org","@graph":[{"@type":"WebPage","@id":"https:\/\/virtualofficerotterdam.com\/de\/produkt\/virtual-office-rotterdam-holding-3-bv-109-95-per-maand-maandelijkse-afschrijving\/","url":"https:\/\/virtualofficerotterdam.com\/de\/produkt\/virtual-office-rotterdam-holding-3-bv-109-95-per-maand-maandelijkse-afschrijving\/","name":"Virtuelles B\u00fcro Rotterdam Holding + 3 BV inkl. monatlicher Postbearbeitung 109.95 per maand. - Virtual Office Rotterdam","isPartOf":{"@id":"https:\/\/virtualofficerotterdam.com\/de\/#website"},"primaryImageOfPage":{"@id":"https:\/\/virtualofficerotterdam.com\/de\/produkt\/virtual-office-rotterdam-holding-3-bv-109-95-per-maand-maandelijkse-afschrijving\/#primaryimage"},"image":{"@id":"https:\/\/virtualofficerotterdam.com\/de\/produkt\/virtual-office-rotterdam-holding-3-bv-109-95-per-maand-maandelijkse-afschrijving\/#primaryimage"},"thumbnailUrl":"https:\/\/virtualofficerotterdam.com\/wp-content\/uploads\/2018\/10\/holding-3-half.png","datePublished":"2024-06-20T10:00:58+00:00","dateModified":"2024-08-12T08:46:04+00:00","description":"Sie brauchen ein virtuelles B\u00fcro? - Eine anerkannte Handelskammer-Registrierungsadresse in bester Lage! - Am g\u00fcnstigsten in NL - Jetzt bestellen!","breadcrumb":{"@id":"https:\/\/virtualofficerotterdam.com\/de\/produkt\/virtual-office-rotterdam-holding-3-bv-109-95-per-maand-maandelijkse-afschrijving\/#breadcrumb"},"inLanguage":"de","potentialAction":[{"@type":"ReadAction","target":["https:\/\/virtualofficerotterdam.com\/de\/produkt\/virtual-office-rotterdam-holding-3-bv-109-95-per-maand-maandelijkse-afschrijving\/"]}]},{"@type":"ImageObject","inLanguage":"de","@id":"https:\/\/virtualofficerotterdam.com\/de\/produkt\/virtual-office-rotterdam-holding-3-bv-109-95-per-maand-maandelijkse-afschrijving\/#primaryimage","url":"https:\/\/virtualofficerotterdam.com\/wp-content\/uploads\/2018\/10\/holding-3-half.png","contentUrl":"https:\/\/virtualofficerotterdam.com\/wp-content\/uploads\/2018\/10\/holding-3-half.png","width":800,"height":800},{"@type":"BreadcrumbList","@id":"https:\/\/virtualofficerotterdam.com\/de\/produkt\/virtual-office-rotterdam-holding-3-bv-109-95-per-maand-maandelijkse-afschrijving\/#breadcrumb","itemListElement":[{"@type":"ListItem","position":1,"name":"Home","item":"https:\/\/virtualofficerotterdam.com\/de\/"},{"@type":"ListItem","position":2,"name":"Gesch\u00e4ft","item":"https:\/\/virtualofficerotterdam.com\/de\/geschaft\/"},{"@type":"ListItem","position":3,"name":"Virtuelles B\u00fcro Rotterdam Holding + 3 BV inkl. monatlicher Postbearbeitung 109.95 per maand."}]},{"@type":"WebSite","@id":"https:\/\/virtualofficerotterdam.com\/de\/#website","url":"https:\/\/virtualofficerotterdam.com\/de\/","name":"Virtual Office Duiven","description":"Een erkend KvK inschrijfadres op een toplocatie in Nederland! Vanaf slechts &euro; 49,95 per maand! Veel bedrijven gingen u al voor!","publisher":{"@id":"https:\/\/virtualofficerotterdam.com\/de\/#organization"},"potentialAction":[{"@type":"SearchAction","target":{"@type":"EntryPoint","urlTemplate":"https:\/\/virtualofficerotterdam.com\/de\/?s={search_term_string}"},"query-input":{"@type":"PropertyValueSpecification","valueRequired":true,"valueName":"search_term_string"}}],"inLanguage":"de"},{"@type":"Organization","@id":"https:\/\/virtualofficerotterdam.com\/de\/#organization","name":"virtualkantoor24","url":"https:\/\/virtualofficerotterdam.com\/de\/","logo":{"@type":"ImageObject","inLanguage":"de","@id":"https:\/\/virtualofficerotterdam.com\/de\/#\/schema\/logo\/image\/","url":"https:\/\/virtualofficerotterdam.com\/wp-content\/uploads\/2018\/10\/Logo-vk24-500.png","contentUrl":"https:\/\/virtualofficerotterdam.com\/wp-content\/uploads\/2018\/10\/Logo-vk24-500.png","width":1400,"height":500,"caption":"virtualkantoor24"},"image":{"@id":"https:\/\/virtualofficerotterdam.com\/de\/#\/schema\/logo\/image\/"},"sameAs":["https:\/\/x.com\/vo24NL","https:\/\/www.linkedin.com\/company\/10783740"]}]}},"_links":{"self":[{"href":"https:\/\/virtualofficerotterdam.com\/de\/wp-json\/wp\/v2\/product\/10593","targetHints":{"allow":["GET"]}}],"collection":[{"href":"https:\/\/virtualofficerotterdam.com\/de\/wp-json\/wp\/v2\/product"}],"about":[{"href":"https:\/\/virtualofficerotterdam.com\/de\/wp-json\/wp\/v2\/types\/product"}],"wp:featuredmedia":[{"embeddable":true,"href":"https:\/\/virtualofficerotterdam.com\/de\/wp-json\/wp\/v2\/media\/1150"}],"wp:attachment":[{"href":"https:\/\/virtualofficerotterdam.com\/de\/wp-json\/wp\/v2\/media?parent=10593"}],"wp:term":[{"taxonomy":"product_brand","embeddable":true,"href":"https:\/\/virtualofficerotterdam.com\/de\/wp-json\/wp\/v2\/product_brand?post=10593"},{"taxonomy":"product_cat","embeddable":true,"href":"https:\/\/virtualofficerotterdam.com\/de\/wp-json\/wp\/v2\/product_cat?post=10593"},{"taxonomy":"product_tag","embeddable":true,"href":"https:\/\/virtualofficerotterdam.com\/de\/wp-json\/wp\/v2\/product_tag?post=10593"}],"curies":[{"name":"wp","href":"https:\/\/api.w.org\/{rel}","templated":true}]}}